{"id":100,"date":"2021-07-13T20:21:52","date_gmt":"2021-07-13T18:21:52","guid":{"rendered":"https:\/\/www.detskamedicina.sk\/?page_id=100"},"modified":"2023-03-09T16:58:30","modified_gmt":"2023-03-09T15:58:30","slug":"domov","status":"publish","type":"page","link":"https:\/\/www.detskamedicina.sk\/","title":{"rendered":"Domov"},"content":{"rendered":"<p>[et_pb_section fb_built=&#8220;1&#8243; _builder_version=&#8220;4.9.7&#8243; _module_preset=&#8220;default&#8220; background_color=&#8220;RGBA(0,0,0,0)&#8220; background_image=&#8220;https:\/\/www.detskamedicina.sk\/wp-content\/uploads\/2021\/07\/Dizajn-bez-nazvu.png&#8220; background_position=&#8220;bottom_center&#8220; width_tablet=&#8220;&#8220; width_phone=&#8220;100%&#8220; width_last_edited=&#8220;on|phone&#8220; max_width_tablet=&#8220;&#8220; max_width_phone=&#8220;&#8220; max_width_last_edited=&#8220;on|tablet&#8220; min_height=&#8220;563px&#8220; min_height_tablet=&#8220;369px&#8220; min_height_phone=&#8220;362px&#8220; min_height_last_edited=&#8220;on|phone&#8220; height_tablet=&#8220;&#8220; height_phone=&#8220;303px&#8220; height_last_edited=&#8220;on|tablet&#8220; max_height_tablet=&#8220;&#8220; max_height_phone=&#8220;295px&#8220; max_height_last_edited=&#8220;on|tablet&#8220;][et_pb_row _builder_version=&#8220;4.9.7&#8243; _module_preset=&#8220;default&#8220;][et_pb_column type=&#8220;4_4&#8243; _builder_version=&#8220;4.9.7&#8243; _module_preset=&#8220;default&#8220;][et_pb_text _builder_version=&#8220;4.9.7&#8243; _module_preset=&#8220;default&#8220; text_font=&#8220;||||||||&#8220; text_font_size=&#8220;20px&#8220; header_font_size=&#8220;65px&#8220; custom_margin_tablet=&#8220;&#8220; custom_margin_phone=&#8220;&#8220; custom_margin_last_edited=&#8220;on|desktop&#8220; custom_padding=&#8220;||20px||false|false&#8220; text_font_size_tablet=&#8220;22px&#8220; text_font_size_phone=&#8220;22px&#8220; text_font_size_last_edited=&#8220;on|phone&#8220; text_line_height_tablet=&#8220;&#8220; text_line_height_phone=&#8220;&#8220; text_line_height_last_edited=&#8220;on|phone&#8220; header_font_size_tablet=&#8220;&#8220; header_font_size_phone=&#8220;30px&#8220; header_font_size_last_edited=&#8220;on|phone&#8220; text_text_shadow_style=&#8220;preset2&#8243; text_text_shadow_horizontal_length_tablet=&#8220;&#8220; text_text_shadow_horizontal_length_phone=&#8220;&#8220; text_text_shadow_horizontal_length_last_edited=&#8220;on|phone&#8220; text_text_shadow_vertical_length_tablet=&#8220;&#8220; text_text_shadow_vertical_length_phone=&#8220;&#8220; text_text_shadow_vertical_length_last_edited=&#8220;on|phone&#8220;]<\/p>\n<h1 style=\"text-align: center;\"><span style=\"color: #ffffff;\">Z\u00e1le\u017e\u00ed n\u00e1m na zdrav\u00ed V\u00e1\u0161ho die\u0165a\u0165a<\/span><\/h1>\n<p>[\/et_pb_text][\/et_pb_column][\/et_pb_row][et_pb_row _builder_version=&#8220;4.9.7&#8243; _module_preset=&#8220;default&#8220; width_tablet=&#8220;&#8220; width_phone=&#8220;100%&#8220; width_last_edited=&#8220;on|phone&#8220; max_width_tablet=&#8220;&#8220; max_width_phone=&#8220;&#8220; max_width_last_edited=&#8220;on|phone&#8220; min_height_tablet=&#8220;&#8220; min_height_phone=&#8220;&#8220; min_height_last_edited=&#8220;on|phone&#8220; height_tablet=&#8220;&#8220; height_phone=&#8220;1000px&#8220; height_last_edited=&#8220;on|phone&#8220; custom_margin_tablet=&#8220;&#8220; custom_margin_phone=&#8220;&#8220; custom_margin_last_edited=&#8220;on|phone&#8220; custom_padding=&#8220;0px||||false|false&#8220;][et_pb_column type=&#8220;4_4&#8243; _builder_version=&#8220;4.9.7&#8243; _module_preset=&#8220;default&#8220;][et_pb_text _builder_version=&#8220;4.9.7&#8243; _module_preset=&#8220;default&#8220; text_font=&#8220;Verdana||||||||&#8220; text_font_size=&#8220;18px&#8220; min_height=&#8220;63.8px&#8220; text_font_size_tablet=&#8220;&#8220; text_font_size_phone=&#8220;&#8220; text_font_size_last_edited=&#8220;on|phone&#8220; header_font_size_tablet=&#8220;&#8220; header_font_size_phone=&#8220;19px&#8220; header_font_size_last_edited=&#8220;on|phone&#8220; header_2_font_size_tablet=&#8220;&#8220; header_2_font_size_phone=&#8220;15px&#8220; header_2_font_size_last_edited=&#8220;on|phone&#8220; text_text_shadow_style=&#8220;preset2&#8243;]<\/p>\n<h1 style=\"text-align: center;\"><span style=\"color: #ffffff;\">Pediatrick\u00e1 ambulancia v Pre\u0161ove<\/span><\/h1>\n<h2 style=\"text-align: center;\"><span style=\"color: #ffffff;\">Levo\u010dsk\u00e1 22<\/span><\/h2>\n<p>[\/et_pb_text][\/et_pb_column][\/et_pb_row][\/et_pb_section][et_pb_section fb_built=&#8220;1&#8243; module_id=&#8220;Coponukame&#8220; _builder_version=&#8220;4.9.7&#8243; _module_preset=&#8220;default&#8220; background_enable_image=&#8220;off&#8220; custom_padding=&#8220;||2px||false|false&#8220;][et_pb_row _builder_version=&#8220;4.9.7&#8243; _module_preset=&#8220;default&#8220; background_enable_image=&#8220;off&#8220;][et_pb_column type=&#8220;4_4&#8243; _builder_version=&#8220;4.9.7&#8243; _module_preset=&#8220;default&#8220;][et_pb_text _builder_version=&#8220;4.9.7&#8243; _module_preset=&#8220;default&#8220;]<\/p>\n<h1 style=\"text-align: center;\">\u010co pon\u00fakame<\/h1>\n<p>[\/et_pb_text][\/et_pb_column][\/et_pb_row][et_pb_row column_structure=&#8220;1_4,1_4,1_4,1_4&#8243; _builder_version=&#8220;4.9.7&#8243; _module_preset=&#8220;default&#8220;][et_pb_column type=&#8220;1_4&#8243; _builder_version=&#8220;4.9.7&#8243; _module_preset=&#8220;default&#8220;][et_pb_blurb title=&#8220;Od narodenia a\u017e do 28 rokov&#8220; image=&#8220;https:\/\/www.detskamedicina.sk\/wp-content\/uploads\/2021\/07\/Dizajn-bez-nazvu-17.png&#8220; _builder_version=&#8220;4.9.7&#8243; _module_preset=&#8220;default&#8220; text_orientation=&#8220;center&#8220;]<\/p>\n<p style=\"text-align: center;\">Poskytujeme zdravotn\u00fa starostlivos\u0165 de\u0165om od narodenia a\u017e po ran\u00fa dospelos\u0165. Dlhodob\u00fd kontakt s va\u0161\u00edm die\u0165atkom n\u00e1m zabezpe\u010d\u00ed ten najlep\u0161\u00ed preh\u013ead o jeho zdravotnom stave po\u010das cel\u00e9ho dospievania.<\/p>\n<p>[\/et_pb_blurb][\/et_pb_column][et_pb_column type=&#8220;1_4&#8243; _builder_version=&#8220;4.9.7&#8243; _module_preset=&#8220;default&#8220;][et_pb_blurb title=&#8220;V\u017edy pripraven\u00ed&#8220; image=&#8220;https:\/\/www.detskamedicina.sk\/wp-content\/uploads\/2021\/07\/Dizajn-bez-nazvu-18.png&#8220; _builder_version=&#8220;4.9.7&#8243; _module_preset=&#8220;default&#8220; text_orientation=&#8220;center&#8220;]<\/p>\n<p style=\"text-align: center;\">Diagnostikujeme a lie\u010dime \u0161irok\u00e9 spektrum ochoren\u00ed vyskytuj\u00facich sa v detskom veku. Vykon\u00e1vame vy\u0161etrenie CRP z kvapky krvi, vy\u0161etrenie hladiny cukru z kvapky krvi, odbery biologick\u00e9ho materi\u00e1lu (krv, mo\u010d, v\u00fdtery, stolica) a mnoho \u010fal\u0161ieho pod\u013ea potrieb V\u00e1\u0161ho die\u0165a\u0165a.<\/p>\n<p>[\/et_pb_blurb][\/et_pb_column][et_pb_column type=&#8220;1_4&#8243; _builder_version=&#8220;4.9.7&#8243; _module_preset=&#8220;default&#8220;][et_pb_blurb title=&#8220;Rozumie\u0165 je d\u00f4le\u017eit\u00e9&#8220; image=&#8220;https:\/\/www.detskamedicina.sk\/wp-content\/uploads\/2021\/07\/Dizajn-bez-nazvu-19.png&#8220; _builder_version=&#8220;4.9.7&#8243; _module_preset=&#8220;default&#8220; text_orientation=&#8220;center&#8220;]<\/p>\n<p>Db\u00e1me na d\u00f4kladn\u00e9 vysvetlenie zdravotn\u00e9ho stavu na\u0161\u00edm pacientom a rodi\u010dom. Eduk\u00e1cia v r\u00e1mci prevencie zabezpe\u010d\u00ed va\u0161\u00edm de\u0165om zdrav\u00fd psychick\u00fd a fyzick\u00fd v\u00fdvoj na ktorom n\u00e1m z\u00e1le\u017e\u00ed.<\/p>\n<p>[\/et_pb_blurb][\/et_pb_column][et_pb_column type=&#8220;1_4&#8243; _builder_version=&#8220;4.9.7&#8243; _module_preset=&#8220;default&#8220;][et_pb_blurb title=&#8220;Komplexn\u00e1 starostlivos\u0165&#8220; image=&#8220;https:\/\/www.detskamedicina.sk\/wp-content\/uploads\/2021\/07\/Dizajn-bez-nazvu-20.png&#8220; _builder_version=&#8220;4.9.7&#8243; _module_preset=&#8220;default&#8220; text_orientation=&#8220;center&#8220;]<\/p>\n<p>Vykon\u00e1vame prevent\u00edvne prehliadky a\u00a0povinn\u00e9 pravideln\u00e9 (aj odpor\u00fa\u010dan\u00e9) o\u010dkovanie v\u00a0s\u00falade s\u00a0platnou legislat\u00edvou a\u00a0platn\u00fdmi odpor\u00fa\u010daniami.<\/p>\n<p>[\/et_pb_blurb][\/et_pb_column][\/et_pb_row][\/et_pb_section][et_pb_section fb_built=&#8220;1&#8243; module_id=&#8220;onas&#8220; _builder_version=&#8220;4.9.7&#8243; _module_preset=&#8220;default&#8220; background_image=&#8220;https:\/\/www.detskamedicina.sk\/wp-content\/uploads\/2021\/07\/Dizajn-bez-nazvu-30.png&#8220; width_tablet=&#8220;&#8220; width_phone=&#8220;&#8220; width_last_edited=&#8220;on|tablet&#8220; max_width_tablet=&#8220;&#8220; max_width_phone=&#8220;&#8220; max_width_last_edited=&#8220;on|tablet&#8220; min_height_tablet=&#8220;&#8220; min_height_phone=&#8220;&#8220; min_height_last_edited=&#8220;on|phone&#8220; height_tablet=&#8220;460px&#8220; height_phone=&#8220;881px&#8220; height_last_edited=&#8220;on|phone&#8220; custom_margin_tablet=&#8220;&#8220; custom_margin_phone=&#8220;&#8220; custom_margin_last_edited=&#8220;on|phone&#8220; custom_padding=&#8220;15px||34px||false|false&#8220;][et_pb_row _builder_version=&#8220;4.9.7&#8243; _module_preset=&#8220;default&#8220;][et_pb_column type=&#8220;4_4&#8243; _builder_version=&#8220;4.9.7&#8243; _module_preset=&#8220;default&#8220;][et_pb_text _builder_version=&#8220;4.9.7&#8243; _module_preset=&#8220;default&#8220;]<\/p>\n<h1 style=\"text-align: center;\">O n\u00e1s<\/h1>\n<p>[\/et_pb_text][\/et_pb_column][\/et_pb_row][et_pb_row column_structure=&#8220;1_3,2_3&#8243; _builder_version=&#8220;4.9.7&#8243; _module_preset=&#8220;default&#8220; height=&#8220;542px&#8220; max_height=&#8220;1000px&#8220;][et_pb_column type=&#8220;1_3&#8243; _builder_version=&#8220;4.9.7&#8243; _module_preset=&#8220;default&#8220;][et_pb_team_member image_url=&#8220;https:\/\/www.detskamedicina.sk\/wp-content\/uploads\/2021\/09\/IMG-20210906-WA0004-01.jpeg&#8220; _builder_version=&#8220;4.9.7&#8243; _module_preset=&#8220;default&#8220; header_font=&#8220;Verdana||||||||&#8220; body_font=&#8220;Verdana||||||||&#8220; custom_padding=&#8220;||0px|||&#8220; border_radii_image=&#8220;on|10px|10px|10px|10px&#8220;]<\/p>\n<p style=\"text-align: justify;\"><span style=\"font-size: 11.0pt; line-height: 107%; font-family: 'Calibri',sans-serif; mso-ascii-theme-font: minor-latin; mso-fareast-font-family: Calibri; mso-fareast-theme-font: minor-latin; mso-hansi-theme-font: minor-latin; mso-bidi-font-family: 'Times New Roman'; mso-bidi-theme-font: minor-bidi; mso-ansi-language: SK; mso-fareast-language: EN-US; mso-bidi-language: AR-SA;\">\u00a0 \u00a0 \u00a0<\/span><\/p>\n<p>[\/et_pb_team_member][\/et_pb_column][et_pb_column type=&#8220;2_3&#8243; _builder_version=&#8220;4.9.7&#8243; _module_preset=&#8220;default&#8220;][et_pb_text _builder_version=&#8220;4.9.7&#8243; _module_preset=&#8220;default&#8220; text_font=&#8220;||||||||&#8220; text_font_size=&#8220;15px&#8220;]<\/p>\n<p><strong>KTO SME?<\/strong><\/p>\n<p>Sme novootvoren\u00e1 ambulancia v\u00a0Pre\u0161ove poskytuj\u00faca v\u0161eobecn\u00fa zdravotn\u00fa starostlivos\u0165 o\u00a0deti a\u00a0dorast. Prij\u00edmame novorodencov aj star\u0161ie deti, u\u00a0ktor\u00fdch vykon\u00e1vame prevent\u00edvne prehliadky, hodnot\u00edme psychomotorick\u00fd v\u00fdvoj. V\u00a0r\u00e1mci prevencie a\u00a0kontroly prenosn\u00fdch ochoren\u00ed vykon\u00e1vame povinn\u00e9 pravideln\u00e9, ale aj odpor\u00fa\u010dan\u00e9 nepovinn\u00e9 o\u010dkovanie. Diagnostikujeme a\u00a0lie\u010dime tie naj\u010dastej\u0161ie, ale aj menej \u010dast\u00e9 ochorenia vyskytuj\u00face sa v\u00a0detskom veku, v\u00a0pr\u00edpade potreby v\u00a0spolupr\u00e1ci s \u010fal\u0161\u00edmi odborn\u00edkmi. Vykon\u00e1vame vy\u0161etrenie CRP z\u00a0kvapky krvi, vy\u0161etrenie hladiny cukru z\u00a0kvapky krvi, odbery biologick\u00e9ho materi\u00e1lu (krv, mo\u010d, v\u00fdtery, stolica)&#8230; Poskytujeme podporu a\u00a0rady rodi\u010dom pri starostlivosti o\u00a0zdravie ich det\u00ed.<\/p>\n<p>&nbsp;<\/p>\n<p><strong>MUDr. Denisa Semkov\u00e1<\/strong><\/p>\n<p>je lek\u00e1rka so \u0161pecializ\u00e1ciou v\u00a0odbore pediatria a\u00a0s\u00a0dlhoro\u010dnou<br \/>praxou na detskom oddelen\u00ed vr\u00e1tane intenz\u00edvnej starostlivosti.<br \/>Je autorkou a\u00a0spoluautorkou \u010dl\u00e1nkov publikovan\u00fdch<br \/>v odborn\u00fdch \u010dasopisoch, akt\u00edvne sa z\u00fa\u010dast\u0148ovala<br \/>na odborn\u00fdch semin\u00e1roch a\u00a0konferenci\u00e1ch<br \/>organizovan\u00fdch Slovenskou pediatrickou spolo\u010dnos\u0165ou SLS, SLK,<br \/>bola akt\u00edvnou \u00fa\u010dastn\u00ed\u010dkou odborn\u00fdch podujat\u00ed v\u00a0zahrani\u010d\u00ed,<br \/>kde zastupovala odborn\u00fa verejnos\u0165 rie\u0161iacu problematiku ohrozen\u00fdch skup\u00edn det\u00ed.<\/p>\n<p>[\/et_pb_text][\/et_pb_column][\/et_pb_row][\/et_pb_section][et_pb_section fb_built=&#8220;1&#8243; _builder_version=&#8220;4.9.7&#8243; _module_preset=&#8220;default&#8220; background_image=&#8220;https:\/\/www.detskamedicina.sk\/wp-content\/uploads\/2021\/07\/Dizajn-bez-nazvu-33.png&#8220; min_height=&#8220;522.7px&#8220; custom_margin=&#8220;||-8px|||&#8220; custom_padding=&#8220;97px||0px|0px||&#8220;][et_pb_row column_structure=&#8220;1_2,1_2&#8243; _builder_version=&#8220;4.9.7&#8243; _module_preset=&#8220;default&#8220; min_height=&#8220;628.1px&#8220; custom_padding=&#8220;||33px|||&#8220;][et_pb_column type=&#8220;1_2&#8243; _builder_version=&#8220;4.9.7&#8243; _module_preset=&#8220;default&#8220;][et_pb_gallery gallery_ids=&#8220;160,158,157,156&#8243; fullwidth=&#8220;on&#8220; _builder_version=&#8220;4.9.7&#8243; _module_preset=&#8220;default&#8220; min_height=&#8220;234px&#8220; animation_style=&#8220;fade&#8220; auto=&#8220;on&#8220; border_radii=&#8220;on|17px|17px|17px|17px&#8220;][\/et_pb_gallery][\/et_pb_column][et_pb_column type=&#8220;1_2&#8243; _builder_version=&#8220;4.9.7&#8243; _module_preset=&#8220;default&#8220;][et_pb_text module_id=&#8220;Kontakt&#8220; _builder_version=&#8220;4.9.7&#8243; _module_preset=&#8220;default&#8220; text_font=&#8220;||||||||&#8220; text_font_size=&#8220;20px&#8220; text_font_size_tablet=&#8220;&#8220; text_font_size_phone=&#8220;17px&#8220; text_font_size_last_edited=&#8220;on|phone&#8220;]<\/p>\n<p style=\"text-align: center;\">\u00a0<strong>Ordina\u010dn\u00e9 hodiny<\/strong><\/p>\n<table border=\"1\" style=\"border-collapse: collapse; width: 100%;\">\n<tbody>\n<tr>\n<td style=\"width: 34.1936%; text-align: center;\">Pondelok<\/td>\n<td style=\"width: 65.8064%; text-align: center;\">7:00 &#8211; 14:00<\/td>\n<\/tr>\n<tr>\n<td style=\"width: 34.1936%; text-align: center;\">Utorok<\/td>\n<td style=\"width: 65.8064%; text-align: center;\">7:00 &#8211; 14:00<\/td>\n<\/tr>\n<tr>\n<td style=\"width: 34.1936%; text-align: center;\">Streda<\/td>\n<td style=\"width: 65.8064%; text-align: center;\">8:00 &#8211; 16:00<\/td>\n<\/tr>\n<tr>\n<td style=\"width: 34.1936%; text-align: center;\">\u0160tvrtok<\/td>\n<td style=\"width: 65.8064%; text-align: center;\">7:00 &#8211; 15:00<\/td>\n<\/tr>\n<tr>\n<td style=\"width: 34.1936%; text-align: center;\">Piatok<\/td>\n<td style=\"width: 65.8064%; text-align: center;\">7:30 &#8211; 12:30<\/td>\n<\/tr>\n<\/tbody>\n<\/table>\n<p style=\"text-align: center;\"><strong>Kontaktujte n\u00e1s<\/strong><\/p>\n<p style=\"text-align: center;\"><strong>\u00a0 \u00a0<\/strong> tel. \u010d.: 051\/4584072<\/p>\n<p style=\"text-align: center;\">email: <a href=\"mailto:ambulancia@detskamedicina.sk\">ambulancia@detskamedicina.sk<\/a><\/p>\n<p style=\"text-align: center;\">Masarykova 25A, Pre\u0161ov, 08 001<\/p>\n<p>[\/et_pb_text][\/et_pb_column][\/et_pb_row][et_pb_row module_id=&#8220;Mapa&#8220; _builder_version=&#8220;4.9.7&#8243; _module_preset=&#8220;default&#8220; custom_margin=&#8220;-166px|auto||auto||&#8220; custom_padding=&#8220;0px|||||&#8220;][et_pb_column type=&#8220;4_4&#8243; _builder_version=&#8220;4.9.7&#8243; _module_preset=&#8220;default&#8220;][et_pb_code _builder_version=&#8220;4.9.7&#8243; _module_preset=&#8220;default&#8220; width=&#8220;100%&#8220; custom_margin=&#8220;|72px||||&#8220; custom_padding=&#8220;|1px||||&#8220; hover_enabled=&#8220;0&#8243; sticky_enabled=&#8220;0&#8243;]<iframe src=\"https:\/\/www.google.com\/maps\/embed?pb=!1m18!1m12!1m3!1d2618.308921877113!2d21.246569514869332!3d48.98567829969106!2m3!1f0!2f0!3f0!3m2!1i1024!2i768!4f13.1!3m3!1m2!1s0x473eed9a941dd44d%3A0xe06d0cee5a0f394f!2sMasarykova%2025%20A%2C%20080%2001%20Pre%C5%A1ov!5e0!3m2!1ssk!2ssk!4v1678377353018!5m2!1ssk!2ssk\" width=\"1000\" height=\"400\" style=\"border:0;\" allowfullscreen=\"\" loading=\"lazy\" referrerpolicy=\"no-referrer-when-downgrade\"><\/iframe>[\/et_pb_code][\/et_pb_column][\/et_pb_row][\/et_pb_section]<\/p>\n","protected":false},"excerpt":{"rendered":"<p>[et_pb_section fb_built=&#8220;1&#8243; _builder_version=&#8220;4.9.7&#8243; _module_preset=&#8220;default&#8220; background_color=&#8220;RGBA(0,0,0,0)&#8220; background_image=&#8220;https:\/\/www.detskamedicina.sk\/wp-content\/uploads\/2021\/07\/Dizajn-bez-nazvu.png&#8220; background_position=&#8220;bottom_center&#8220; width_tablet=&#8220;&#8220; width_phone=&#8220;100%&#8220; width_last_edited=&#8220;on|phone&#8220; max_width_tablet=&#8220;&#8220; max_width_phone=&#8220;&#8220; max_width_last_edited=&#8220;on|tablet&#8220; min_height=&#8220;563px&#8220; min_height_tablet=&#8220;369px&#8220; min_height_phone=&#8220;362px&#8220; min_height_last_edited=&#8220;on|phone&#8220; height_tablet=&#8220;&#8220; height_phone=&#8220;303px&#8220; height_last_edited=&#8220;on|tablet&#8220; max_height_tablet=&#8220;&#8220; max_height_phone=&#8220;295px&#8220; max_height_last_edited=&#8220;on|tablet&#8220;][et_pb_row _builder_version=&#8220;4.9.7&#8243; _module_preset=&#8220;default&#8220;][et_pb_column type=&#8220;4_4&#8243; _builder_version=&#8220;4.9.7&#8243; _module_preset=&#8220;default&#8220;][et_pb_text _builder_version=&#8220;4.9.7&#8243; _module_preset=&#8220;default&#8220; text_font=&#8220;||||||||&#8220; text_font_size=&#8220;20px&#8220; header_font_size=&#8220;65px&#8220; custom_margin_tablet=&#8220;&#8220; custom_margin_phone=&#8220;&#8220; custom_margin_last_edited=&#8220;on|desktop&#8220; custom_padding=&#8220;||20px||false|false&#8220; text_font_size_tablet=&#8220;22px&#8220; text_font_size_phone=&#8220;22px&#8220; text_font_size_last_edited=&#8220;on|phone&#8220; text_line_height_tablet=&#8220;&#8220; text_line_height_phone=&#8220;&#8220; text_line_height_last_edited=&#8220;on|phone&#8220; header_font_size_tablet=&#8220;&#8220; header_font_size_phone=&#8220;30px&#8220; header_font_size_last_edited=&#8220;on|phone&#8220; text_text_shadow_style=&#8220;preset2&#8243; text_text_shadow_horizontal_length_tablet=&#8220;&#8220; text_text_shadow_horizontal_length_phone=&#8220;&#8220; text_text_shadow_horizontal_length_last_edited=&#8220;on|phone&#8220; text_text_shadow_vertical_length_tablet=&#8220;&#8220; text_text_shadow_vertical_length_phone=&#8220;&#8220; text_text_shadow_vertical_length_last_edited=&#8220;on|phone&#8220;] Z\u00e1le\u017e\u00ed n\u00e1m [&hellip;]<\/p>\n","protected":false},"author":1,"featured_media":0,"parent":0,"menu_order":0,"comment_status":"closed","ping_status":"closed","template":"","meta":{"_et_pb_use_builder":"on","_et_pb_old_content":"<!-- wp:divi\/placeholder \/-->","_et_gb_content_width":"","footnotes":""},"class_list":["post-100","page","type-page","status-publish","hentry"],"_links":{"self":[{"href":"https:\/\/www.detskamedicina.sk\/index.php?rest_route=\/wp\/v2\/pages\/100","targetHints":{"allow":["GET"]}}],"collection":[{"href":"https:\/\/www.detskamedicina.sk\/index.php?rest_route=\/wp\/v2\/pages"}],"about":[{"href":"https:\/\/www.detskamedicina.sk\/index.php?rest_route=\/wp\/v2\/types\/page"}],"author":[{"embeddable":true,"href":"https:\/\/www.detskamedicina.sk\/index.php?rest_route=\/wp\/v2\/users\/1"}],"replies":[{"embeddable":true,"href":"https:\/\/www.detskamedicina.sk\/index.php?rest_route=%2Fwp%2Fv2%2Fcomments&post=100"}],"version-history":[{"count":81,"href":"https:\/\/www.detskamedicina.sk\/index.php?rest_route=\/wp\/v2\/pages\/100\/revisions"}],"predecessor-version":[{"id":383,"href":"https:\/\/www.detskamedicina.sk\/index.php?rest_route=\/wp\/v2\/pages\/100\/revisions\/383"}],"wp:attachment":[{"href":"https:\/\/www.detskamedicina.sk\/index.php?rest_route=%2Fwp%2Fv2%2Fmedia&parent=100"}],"curies":[{"name":"wp","href":"https:\/\/api.w.org\/{rel}","templated":true}]}}